{"id":1722,"date":"2019-12-22T01:06:45","date_gmt":"2019-12-22T00:06:45","guid":{"rendered":"http:\/\/www.toulousenordfc.com\/?page_id=1722"},"modified":"2019-12-23T14:48:16","modified_gmt":"2019-12-23T13:48:16","slug":"bilans-pole-seniors","status":"publish","type":"page","link":"https:\/\/www.toulousenordfc.com\/index.php\/bilans-pole-seniors\/","title":{"rendered":"Bilans P\u00f4le S\u00e9niors"},"content":{"rendered":"<h6><strong><span style=\"color: #ff0000;\"><img loading=\"lazy\" class=\"alignleft size-full wp-image-1724\" src=\"https:\/\/www.toulousenordfc.com\/wp-content\/uploads\/2019\/12\/BILAN-POLE-SENIORS.png\" alt=\"\" width=\"768\" height=\"465\" srcset=\"https:\/\/www.toulousenordfc.com\/wp-content\/uploads\/2019\/12\/BILAN-POLE-SENIORS.png 768w, https:\/\/www.toulousenordfc.com\/wp-content\/uploads\/2019\/12\/BILAN-POLE-SENIORS-300x182.png 300w, https:\/\/www.toulousenordfc.com\/wp-content\/uploads\/2019\/12\/BILAN-POLE-SENIORS-128x78.png 128w, https:\/\/www.toulousenordfc.com\/wp-content\/uploads\/2019\/12\/BILAN-POLE-SENIORS-32x19.png 32w\" sizes=\"(max-width: 768px) 100vw, 768px\" \/><\/span><\/strong><\/h6>\n<h1><\/h1>\n<h6><strong><span style=\"color: #ff0000;\">S\u00e9nior D3<\/span> <\/strong><\/h6>\n<h6>On est loin du board que l\u2019on s\u2019est fix\u00e9 mais soyons pragmatique dans l\u2019analyse. Ce serait une erreur de se fier aux statistiques en accablant un secteur de jeu en particulier. Pour preuve, on poss\u00e8de la deuxi\u00e8me meilleure attaque mais on a pourtant manqu\u00e9 de rigueur et de comp\u00e9tence dans les deux surfaces. Chaque match est formateur et on a fait le point en ciblant nos carences tout en valorisant aussi nos forces. Hormis Saint-Orens, nos prestations ont toutes \u00e9t\u00e9 correctes. On a les armes pour mieux figurer car nos limites dans la division se jouent sur des d\u00e9tails qui sont largement \u00e0 notre port\u00e9e. On doit \u00e9lever nos performances individuelles pour le bien du collectif en \u00e9tant exemplaire et r\u00e9gulier en g\u00e9n\u00e9rosit\u00e9. Alors, on aura plus de constance. C\u2019est une question de mental, ni plus ni moins globale et on y travaille.<\/h6>\n<h6>Le bilan est pos\u00e9. On est confiant, on progresse et on va franchir un cap. Car on n\u2019est pas convalescent, simplement en plein apprentissage, bien en vie et donc toujours ambitieux. Oui avec 4 revers en 10 matchs il est difficile de pr\u00e9tendre \u00e0 l\u2019accession mais on ne l\u00e2chera pas. La seconde phase est un d\u00e9fit de taille car sans joker \u00e0 disposition. Pour autant, on aura des confrontations directes \u00e0 domicile donc rien n&rsquo;est jou\u00e9.<\/h6>\n<h6><\/h6>\n<h6>Joyeuses f\u00eates de fin d\u2019ann\u00e9e \u00e0 tous nos licenci\u00e9s, parents et amis supporters.<\/h6>\n<h1><\/h1>\n<h6 style=\"text-align: left;\"><strong>Guillaume WIDMER<\/strong><\/h6>\n<h1><\/h1>\n<p>&nbsp;<\/p>\n<h6><span style=\"color: #ff0000;\"><strong>S\u00e9nior D5<\/strong><\/span><\/h6>\n<h6>L&rsquo;\u00e9quipe r\u00e9serve est compos\u00e9e de 31 licenci\u00e9s \u00e2g\u00e9s de 17 \u00e0 35 ans.\u00a0C&rsquo;est un groupe h\u00e9t\u00e9rog\u00e8ne avec des joueurs venant de tout horizon.\u00a0Notre force r\u00e9sulte dans l&rsquo;alliage parfait entre le s\u00e9rieux \u00e0 l&rsquo;entra\u00eenement et les grandes parties de rigolade entre copain. Chacun apporte sa pierre\u00a0\u00e0 l&rsquo;\u00e9difice que nous sommes en train de b\u00e2tir.\u00a0L\u2019\u00e9quipe est jeune (2 ans d\u2019existence) mais grandit au fur et \u00e0 mesure des contraintes que nous rencontrons. Les anciens ont le r\u00f4le de grands fr\u00e8res par leurs exp\u00e9riences footballistiques, tandis que les plus jeunes, de part leurs fougues, compensent certaines lacunes physiques de leurs a\u00een\u00e9s.\u00a0Sur le plan comptable nous occupons la 7\u00e8me place, loin de notre objectif de mont\u00e9e mais la saison est encore longue et nous pourrons compter sur le retour de blessures de certains cadres apr\u00e8s la tr\u00eave hivernale. Nous sommes \u00e9galement qualifi\u00e9s en 1\/4 de final de la coupe des r\u00e9serves du District.<\/h6>\n<h6>En r\u00e9sum\u00e9, il fait bon vivre au sein du club et de l\u2019\u00e9quipe qui, entra\u00eenement apr\u00e8s entra\u00eenement, match apr\u00e8s match, gagne en maturit\u00e9. Le brassage culturel et la mixit\u00e9 interg\u00e9n\u00e9rationnelle est aussi notre plus grande force.\u00a0Je suis fier de coacher ce groupe et je ferai tout mon possible pour les emmener le plus loin possible.<\/h6>\n<h6><\/h6>\n<h6>Bonnes f\u00eates \u00e0 toutes et \u00e0 tous.<\/h6>\n<h1><\/h1>\n<h6 style=\"text-align: left;\"><strong>Dimitri BALLART<\/strong><\/h6>\n<h1><\/h1>\n<p>&nbsp;<\/p>\n<h6><strong><span style=\"color: #ff0000;\">F\u00e9minines<\/span><\/strong><\/h6>\n<h6>Dans la famille TNFC vous avez les filles !!!<\/h6>\n<h6>Une belle aventure humaine et sportive a d\u00e9but\u00e9e il y a pile un an. Nous \u00e9voluons dans un championnat loisirs \u00e0 8.<\/h6>\n<h6>C\u2019est toujours avec plaisir, bonne humeur et envie que chaque lundi et chaque mercredi une douzaine de filles viennent taquiner le ballon rond.<\/h6>\n<h6>Le boulot et l\u2019implication de chaque joueuse au sein de l\u2019\u00e9quipe commencent \u00e0 payer. L\u2019exercice n\u2019\u00e9tant pas facile pour certaines qui d\u00e9butaient le foot \u00e0 20, 30 ou m\u00eame 40 ans. En cette fin d\u2019ann\u00e9e, les progr\u00e8s sont significatifs avec 2 victoires cons\u00e9cutives !!! Nous sommes sur de bons rails pour 2020.<\/h6>\n<h6>Je tiens \u00e0 remercier mon groupe : Aur\u00e9lie, Carmen, C\u00e9line, Chanez, Claire, Cynthia, \u00c9milie, Lila, Magali, Myriam, Nadiya, Saliha, Samira et Wendy.<\/h6>\n<h6><\/h6>\n<h6>Je vous souhaite de belles f\u00eates de fin d\u2019ann\u00e9e.<\/h6>\n<h1><\/h1>\n<h6 style=\"text-align: left;\"><strong>Chantal CASSE<\/strong><\/h6>\n<h6><\/h6>\n<h6><strong>\u00a0<\/strong><\/h6>\n","protected":false},"excerpt":{"rendered":"<p>S\u00e9nior D3 On est loin du board que l\u2019on s\u2019est fix\u00e9 mais soyons pragmatique [&hellip;]<\/p>\n","protected":false},"author":2,"featured_media":0,"parent":0,"menu_order":0,"comment_status":"closed","ping_status":"closed","template":"template-fullwidth.php","meta":[],"_links":{"self":[{"href":"https:\/\/www.toulousenordfc.com\/index.php\/wp-json\/wp\/v2\/pages\/1722"}],"collection":[{"href":"https:\/\/www.toulousenordfc.com\/index.php\/wp-json\/wp\/v2\/pages"}],"about":[{"href":"https:\/\/www.toulousenordfc.com\/index.php\/wp-json\/wp\/v2\/types\/page"}],"author":[{"embeddable":true,"href":"https:\/\/www.toulousenordfc.com\/index.php\/wp-json\/wp\/v2\/users\/2"}],"replies":[{"embeddable":true,"href":"https:\/\/www.toulousenordfc.com\/index.php\/wp-json\/wp\/v2\/comments?post=1722"}],"version-history":[{"count":40,"href":"https:\/\/www.toulousenordfc.com\/index.php\/wp-json\/wp\/v2\/pages\/1722\/revisions"}],"predecessor-version":[{"id":1966,"href":"https:\/\/www.toulousenordfc.com\/index.php\/wp-json\/wp\/v2\/pages\/1722\/revisions\/1966"}],"wp:attachment":[{"href":"https:\/\/www.toulousenordfc.com\/index.php\/wp-json\/wp\/v2\/media?parent=1722"}],"curies":[{"name":"wp","href":"https:\/\/api.w.org\/{rel}","templated":true}]}}