{"id":2059,"date":"2019-12-24T13:32:30","date_gmt":"2019-12-24T12:32:30","guid":{"rendered":"http:\/\/www.toulousenordfc.com\/?page_id=2059"},"modified":"2026-02-08T04:23:58","modified_gmt":"2026-02-08T03:23:58","slug":"administratif","status":"publish","type":"page","link":"https:\/\/www.toulousenordfc.com\/index.php\/administratif\/","title":{"rendered":"ORGANIGRAMME ADMINISTRATIF"},"content":{"rendered":"<p><strong>Pr\u00e9sidente\u00a0 <\/strong>\u00c9milie Noubadji<\/p>\n<p><strong>Secr\u00e9taire G\u00e9n\u00e9ral\u00a0 <\/strong>S\u00e9bastien Chabert<\/p>\n<p><strong>Comptabilit\u00e9<\/strong>\u00a0 Marie Jo Rosier<\/p>\n<p><strong>Comit\u00e9 Directeur<\/strong>\u00a0 Mohammed Bousmail &#8211; Chantal Casse &#8211; Thomas Edanga &#8211; Fathia Haddouche &#8211; Cynthia Perrone &#8211; Wilfrid Rayon &#8211; Shayna Rosier &#8211; Guillaume Widmer<\/p>\n<h6><\/h6>\n<p><strong><span style=\"color: #ff0000;\">Coordination et Performance<\/span>\u00a0 <\/strong>Tony Perrone &#8211; Guillaume Widmer &#8211; Fouhad Zeraoula<\/p>\n<p><strong><span style=\"color: #ff0000;\">Communication<\/span>\u00a0 <\/strong>Cynthia Perrone &#8211; Shayna Rosier<\/p>\n<p><strong><span style=\"color: #ff0000;\">\u00c9v\u00e8nementiel<\/span>\u00a0 <\/strong>S\u00e9bastien Chabert &#8211; Fathia Haddouche &#8211; Antoine Laverny &#8211; \u00c9milie Noubadji<\/p>\n<p><span style=\"color: #ff0000;\"><strong>Vie du club\u00a0 <\/strong><\/span>Aaron Saada<\/p>\n<p><span style=\"color: #ff0000;\"><strong>Partenariat<\/strong><\/span>\u00a0 Philippe Dulac &#8211; S\u00e9bastien Chabert<\/p>\n<p><span style=\"color: #ff0000;\"><strong>\u00c9quipements<\/strong><\/span>\u00a0 Mohammed Bousmail &#8211; Wilfrid Rayon<\/p>\n<p>&nbsp;<\/p>\n<p>&nbsp;<\/p>\n<p>&nbsp;<\/p>\n","protected":false},"excerpt":{"rendered":"<p>Pr\u00e9sidente\u00a0 \u00c9milie Noubadji Secr\u00e9taire G\u00e9n\u00e9ral\u00a0 S\u00e9bastien Chabert Comptabilit\u00e9\u00a0 Marie Jo Rosier Comit\u00e9 Directeur\u00a0 Mohammed [&hellip;]<\/p>\n","protected":false},"author":2,"featured_media":0,"parent":0,"menu_order":0,"comment_status":"closed","ping_status":"closed","template":"","meta":[],"_links":{"self":[{"href":"https:\/\/www.toulousenordfc.com\/index.php\/wp-json\/wp\/v2\/pages\/2059"}],"collection":[{"href":"https:\/\/www.toulousenordfc.com\/index.php\/wp-json\/wp\/v2\/pages"}],"about":[{"href":"https:\/\/www.toulousenordfc.com\/index.php\/wp-json\/wp\/v2\/types\/page"}],"author":[{"embeddable":true,"href":"https:\/\/www.toulousenordfc.com\/index.php\/wp-json\/wp\/v2\/users\/2"}],"replies":[{"embeddable":true,"href":"https:\/\/www.toulousenordfc.com\/index.php\/wp-json\/wp\/v2\/comments?post=2059"}],"version-history":[{"count":97,"href":"https:\/\/www.toulousenordfc.com\/index.php\/wp-json\/wp\/v2\/pages\/2059\/revisions"}],"predecessor-version":[{"id":6073,"href":"https:\/\/www.toulousenordfc.com\/index.php\/wp-json\/wp\/v2\/pages\/2059\/revisions\/6073"}],"wp:attachment":[{"href":"https:\/\/www.toulousenordfc.com\/index.php\/wp-json\/wp\/v2\/media?parent=2059"}],"curies":[{"name":"wp","href":"https:\/\/api.w.org\/{rel}","templated":true}]}}