{"id":3264,"date":"2020-09-10T23:24:52","date_gmt":"2020-09-10T21:24:52","guid":{"rendered":"http:\/\/www.toulousenordfc.com\/?page_id=3264"},"modified":"2021-12-27T19:12:10","modified_gmt":"2021-12-27T18:12:10","slug":"calendrier-resultats-veterans","status":"publish","type":"page","link":"https:\/\/www.toulousenordfc.com\/index.php\/calendrier-resultats-veterans\/","title":{"rendered":"CALENDRIER &#038; R\u00c9SULTATS V\u00c9T\u00c9RANS"},"content":{"rendered":"<div class=\"sportspress\"><div class=\"sp-template sp-template-event-list\">\n\t\t<div class=\"sp-table-wrapper\">\n\t\t<table class=\"sp-event-list sp-event-list-format-homeaway sp-data-table sp-paginated-table sp-sortable-table sp-scrollable-table\" data-sp-rows=\"22\">\n\t\t\t<thead>\n\t\t\t\t<tr>\n\t\t\t\t\t<th class=\"data-date\">Date<\/th><th class=\"data-home\">Local<\/th><th class=\"data-time\">Horaire \/ R\u00e9sultat<\/th><th class=\"data-away\">Visiteur<\/th>\t\t\t\t<\/tr>\n\t\t\t<\/thead>\n\t\t\t<tbody>\n\t\t\t\t\t\t\t<\/tbody>\n\t\t<\/table>\n\t<\/div>\n\t<\/div>\n<\/div>\n","protected":false},"excerpt":{"rendered":"","protected":false},"author":6,"featured_media":0,"parent":0,"menu_order":0,"comment_status":"closed","ping_status":"closed","template":"","meta":[],"_links":{"self":[{"href":"https:\/\/www.toulousenordfc.com\/index.php\/wp-json\/wp\/v2\/pages\/3264"}],"collection":[{"href":"https:\/\/www.toulousenordfc.com\/index.php\/wp-json\/wp\/v2\/pages"}],"about":[{"href":"https:\/\/www.toulousenordfc.com\/index.php\/wp-json\/wp\/v2\/types\/page"}],"author":[{"embeddable":true,"href":"https:\/\/www.toulousenordfc.com\/index.php\/wp-json\/wp\/v2\/users\/6"}],"replies":[{"embeddable":true,"href":"https:\/\/www.toulousenordfc.com\/index.php\/wp-json\/wp\/v2\/comments?post=3264"}],"version-history":[{"count":6,"href":"https:\/\/www.toulousenordfc.com\/index.php\/wp-json\/wp\/v2\/pages\/3264\/revisions"}],"predecessor-version":[{"id":4842,"href":"https:\/\/www.toulousenordfc.com\/index.php\/wp-json\/wp\/v2\/pages\/3264\/revisions\/4842"}],"wp:attachment":[{"href":"https:\/\/www.toulousenordfc.com\/index.php\/wp-json\/wp\/v2\/media?parent=3264"}],"curies":[{"name":"wp","href":"https:\/\/api.w.org\/{rel}","templated":true}]}}