{"id":3271,"date":"2020-09-10T23:28:03","date_gmt":"2020-09-10T21:28:03","guid":{"rendered":"http:\/\/www.toulousenordfc.com\/?page_id=3271"},"modified":"2024-09-24T13:47:12","modified_gmt":"2024-09-24T11:47:12","slug":"effectifs-staff-veterans","status":"publish","type":"page","link":"https:\/\/www.toulousenordfc.com\/index.php\/effectifs-staff-veterans\/","title":{"rendered":"EFFECTIF &#038; STAFF V\u00c9T\u00c9RANS"},"content":{"rendered":"<h6><\/h6>\n<p><strong>Gardiens\u00a0\u00a0 <\/strong>Christian Allain &#8211; Guillaume Widmer<\/p>\n<p><strong>D\u00e9fenseurs\u00a0\u00a0 <\/strong>Amar Amgoud &#8211; Stephane Bertrand &#8211; Reda Hacene &#8211; Wilfrid Rayon &#8211; Azzedine Razali &#8211; Cyril Yahiaoui<\/p>\n<p><strong>Milieux\u00a0\u00a0 <\/strong>Djamal Berkouki &#8211; Alexandre Gigoux &#8211; Sauveur Huertas &#8211; Beno\u00eet Lacam &#8211; Maxime Noubadji &#8211; Soufiany Rachidy &#8211; Kenny Robson &#8211; Fabio Russo<\/p>\n<p><strong>Attaquants\u00a0\u00a0 <\/strong>Fr\u00e9d\u00e9ric Azzeggagh &#8211; Mohammed Bousmail &#8211; Christophe Daymi\u00e9<\/p>\n<p><strong>Staff \u00a0<\/strong> Philippe Dulac<\/p>\n","protected":false},"excerpt":{"rendered":"<p>Gardiens\u00a0\u00a0 Christian Allain &#8211; Guillaume Widmer D\u00e9fenseurs\u00a0\u00a0 Amar Amgoud &#8211; Stephane Bertrand &#8211; Reda [&hellip;]<\/p>\n","protected":false},"author":1,"featured_media":0,"parent":0,"menu_order":0,"comment_status":"closed","ping_status":"closed","template":"","meta":[],"_links":{"self":[{"href":"https:\/\/www.toulousenordfc.com\/index.php\/wp-json\/wp\/v2\/pages\/3271"}],"collection":[{"href":"https:\/\/www.toulousenordfc.com\/index.php\/wp-json\/wp\/v2\/pages"}],"about":[{"href":"https:\/\/www.toulousenordfc.com\/index.php\/wp-json\/wp\/v2\/types\/page"}],"author":[{"embeddable":true,"href":"https:\/\/www.toulousenordfc.com\/index.php\/wp-json\/wp\/v2\/users\/1"}],"replies":[{"embeddable":true,"href":"https:\/\/www.toulousenordfc.com\/index.php\/wp-json\/wp\/v2\/comments?post=3271"}],"version-history":[{"count":15,"href":"https:\/\/www.toulousenordfc.com\/index.php\/wp-json\/wp\/v2\/pages\/3271\/revisions"}],"predecessor-version":[{"id":5925,"href":"https:\/\/www.toulousenordfc.com\/index.php\/wp-json\/wp\/v2\/pages\/3271\/revisions\/5925"}],"wp:attachment":[{"href":"https:\/\/www.toulousenordfc.com\/index.php\/wp-json\/wp\/v2\/media?parent=3271"}],"curies":[{"name":"wp","href":"https:\/\/api.w.org\/{rel}","templated":true}]}}