{"id":5539,"date":"2023-10-29T00:06:45","date_gmt":"2023-10-28T22:06:45","guid":{"rendered":"https:\/\/www.toulousenordfc.com\/?page_id=5539"},"modified":"2024-07-07T23:03:57","modified_gmt":"2024-07-07T21:03:57","slug":"reglement-interieur-tnfc","status":"publish","type":"page","link":"https:\/\/www.toulousenordfc.com\/index.php\/reglement-interieur-tnfc\/","title":{"rendered":"R\u00c8GLEMENT INT\u00c9RIEUR"},"content":{"rendered":"<p><span style=\"color: #000000;\"><strong>CHAPITRE I \u2013 DISPOSITIONS G\u00c9N\u00c9RALES<\/strong> <strong><sub>\u00a0<\/sub><\/strong><\/span><\/p>\n<p><span style=\"color: #ff0000;\"><strong>ARTICLE 1<\/strong><\/span><\/p>\n<p>Tout adh\u00e9rent \u00e0 l\u2019association Toulouse Nord Football Club (TNFC) s\u2019engage \u00e0 respecter dans son int\u00e9gralit\u00e9 le pr\u00e9sent r\u00e8glement.<\/p>\n<p><span style=\"color: #ff0000;\"><strong>ARTICLE 2<\/strong><\/span><\/p>\n<p>Le Comit\u00e9 Directeur g\u00e8re les actions de l\u2019Association sous l\u2019autorit\u00e9 du Pr\u00e9sident.<\/p>\n<p><strong><span style=\"color: #ff0000;\">ARTICLE 3<\/span><\/strong><\/p>\n<p>Chaque r\u00e9union du Comit\u00e9 Directeur doit faire l\u2019objet d\u2019un compte rendu \u00e9crit et port\u00e9 \u00e0 la connaissance du Comit\u00e9 Directeur et des Adh\u00e9rents.<\/p>\n<p><strong><span style=\"color: #ff0000;\">ARTICLE 4<\/span><\/strong><\/p>\n<p>Le Pr\u00e9sident et toute personne mandat\u00e9e par lui sont seules habilit\u00e9es \u00e0 communiquer des informations concernant l\u2019Association.<\/p>\n<p><strong><span style=\"color: #ff0000;\">ARTICLE 5<\/span><\/strong><\/p>\n<p>Un Dirigeant, un \u00c9ducateur ou un Joueur ne peut participer aux activit\u00e9s de l\u2019Association qu&rsquo;en \u00e9tant \u00e0 jour de sa cotisation fix\u00e9e annuellement. Le paiement doit \u00eatre effectu\u00e9 \u00e0 la signature du pr\u00e9sent r\u00e8glement int\u00e9rieur et de la demande de licence. Si la demande lui est formul\u00e9e, le Comit\u00e9 Directeur pourra accorder des facilit\u00e9s de paiement. Le montant de la cotisation comprend, entre autres, le co\u00fbt de la licence de la F\u00e9d\u00e9ration Fran\u00e7aise de Football et une assurance individuelle accident et responsabilit\u00e9 civile. Le tarif est d\u00e9gressif pour les Adh\u00e9rents appartenant au m\u00eame foyer fiscal (parents, enfants, fr\u00e8res, s\u0153urs). La d\u00e9gressivit\u00e9 s&rsquo;applique du membre le plus \u00e2g\u00e9 (1<sup>er<\/sup> membre) vers le membre le plus jeune (2<sup>\u00e8me<\/sup> \u00e0 4<sup>\u00e8me<\/sup> membre).<\/p>\n<p><strong><span style=\"color: #ff0000;\">ARTICLE 6<\/span><\/strong><\/p>\n<p>Tout Adh\u00e9rent qui d\u00e9missionne de ses fonctions, perd tous ses droits au sein de l\u2019Association et s&rsquo;engage \u00e0 remettre sous huitaine tous les documents en sa possession concernant l\u2019Association.<\/p>\n<p><strong><span style=\"color: #ff0000;\">ARTICLE 7<\/span><\/strong><\/p>\n<p>En toutes circonstances, tout Adh\u00e9rent \u00e0 l\u2019association en est le repr\u00e9sentant. Il lui appartient d&rsquo;avoir un comportement et une tenue irr\u00e9prochables.<\/p>\n<p><span style=\"color: #ff0000;\"><strong>ARTICLE 8<\/strong><\/span><\/p>\n<p>Tout Adh\u00e9rent \u00e0 l\u2019association ne peut prendre un engagement avec un autre club de football sans avoir inform\u00e9 le Pr\u00e9sident.<\/p>\n<p><span style=\"color: #ff0000;\"><strong>ARTICLE 9<\/strong><\/span><\/p>\n<p>Tout Adh\u00e9rent mandat\u00e9 pour repr\u00e9senter l\u2019Association aux r\u00e9unions ext\u00e9rieures (Ligue, F\u00e9d\u00e9ration, District, Mairie, etc &#8230;) doit en faire un compte rendu \u00e9crit ou verbal au Pr\u00e9sident.<\/p>\n<p><span style=\"color: #ff0000;\"><strong>ARTICLE 10<\/strong><\/span><\/p>\n<p>Toute personne d\u00e9sirant adh\u00e9rer \u00e0 l\u2019Association doit :<\/p>\n<ul>\n<li>Signer une licence.<\/li>\n<li>S\u2019acquitter de la cotisation fix\u00e9e par le club.<\/li>\n<li>Signer ce r\u00e8glement int\u00e9rieur. Si le Joueur est mineur, son repr\u00e9sentant l\u00e9gal devra \u00e9galement signer.<\/li>\n<li>Apporter sa contribution dans le cadre de ses moyens au bon fonctionnement du club.<\/li>\n<\/ul>\n<p><span style=\"color: #ff0000;\"><strong>ARTICLE 11<\/strong><\/span><\/p>\n<p>La vie du club ne s\u2019arr\u00eate pas aux matchs et aux entra\u00eenements. Pour permettre de d\u00e9velopper un projet \u00e9ducatif et sportif ambitieux, pour maintenir et am\u00e9liorer l\u2019ambiance g\u00e9n\u00e9rale du club, il est demand\u00e9 \u00e0 chaque membre (Dirigeants, \u00c9ducateurs, Joueurs et Parents) de participer au maximum aux diff\u00e9rentes manifestations propos\u00e9es tout au long de l\u2019ann\u00e9e sportive, de prendre r\u00e9guli\u00e8rement connaissance des infos sur le site internet du club, et d\u2019assister aux Assembl\u00e9es G\u00e9n\u00e9rales.<\/p>\n<p><strong>CHAPITRE II \u2013 DISPOSITIONS PARTICULI\u00c8RES RELATIVES AUX JOUEURS, AUX ENTRA\u00ceNEURS ET \u00c9DUCATEURS ET AUX DIRIGEANTS<\/strong><\/p>\n<p><strong>\u00a0<\/strong><strong>A. JOUEURS <\/strong><\/p>\n<p><strong><span style=\"color: #ff0000;\">ARTICLE 12<\/span><\/strong><\/p>\n<p>Il est fourni \u00e0 tous les Joueurs un calendrier des entra\u00eenements ou des comp\u00e9titions comportant les coordonn\u00e9es de l&rsquo;encadrement qui les concerne.<\/p>\n<p><strong><span style=\"color: #ff0000;\">ARTICLE 13<\/span><\/strong><\/p>\n<p>Tout Joueur licenci\u00e9 doit se tenir \u00e0 la disposition du club en acceptant :<\/p>\n<ul>\n<li>Le calendrier des entra\u00eenements fix\u00e9 par les entraineurs.<\/li>\n<li>Le choix fait par les entra\u00eeneurs pour la composition des \u00e9quipes<\/li>\n<li>Les contraintes impos\u00e9es par les comp\u00e9titions dans lesquelles le club est engag\u00e9.<\/li>\n<\/ul>\n<p><strong><span style=\"color: #ff0000;\">ARTICLE 14<\/span><\/strong><\/p>\n<p>Tout Joueur doit honorer les convocations aux entra\u00eenements, aux stages et aux matchs et en cas d&#8217;emp\u00eachement en avertir l&rsquo;Entra\u00eeneur le plus rapidement possible.<\/p>\n<p><span style=\"color: #ff0000;\"><strong>ARTICLE 15<\/strong><\/span><\/p>\n<p>Tout Joueur absent ou en retard \u00e0 l&rsquo;entra\u00eenement sans raison valable donn\u00e9e \u00e0 l&rsquo;Entra\u00eeneur est passible d&rsquo;une sanction conform\u00e9ment aux dispositions pr\u00e9vues \u00e0 cet effet (chapitre III).<\/p>\n<p><strong><span style=\"color: #ff0000;\">ARTICLE 16<\/span><\/strong><\/p>\n<p>Tout Joueur mandat\u00e9 pour assurer un encadrement \u00e0 l&rsquo;\u00e9cole de foot doit assumer sa t\u00e2che avec assiduit\u00e9. Tout emp\u00eachement n\u00e9cessite de sa part une information pr\u00e9alable au Responsable Administratif et au Responsable Technique pour pouvoir pallier cette carence.<\/p>\n<p><span style=\"color: #ff0000;\"><strong>ARTICLE 17<\/strong><\/span><\/p>\n<p>Au cours de rassemblements (entra\u00eenements, stages, tournois, matchs, etc\u2026), tout Joueur doit rester \u00e0 la disposition de l&rsquo;Entra\u00eeneur. Il ne peut quitter le groupe sans autorisation sous peine de se voir sanctionn\u00e9.<\/p>\n<p><span style=\"color: #ff0000;\"><strong>ARTICLE 18<\/strong><\/span><\/p>\n<p>Tout Joueur s&rsquo;interdit de formuler des critiques \u00e0 l&rsquo;\u00e9gard des arbitres, des Joueurs, Dirigeants et \u00c9ducateurs des \u00e9quipes en pr\u00e9sence.<\/p>\n<p><strong><span style=\"color: #ff0000;\">ARTICLE 19<\/span><\/strong><\/p>\n<p>Tout Joueur doit respecter les d\u00e9cisions de l&rsquo;arbitre sans aucune protestation et garder une attitude irr\u00e9prochable. S&rsquo;il a une observation \u00e0 formuler, c&rsquo;est par l&rsquo;interm\u00e9diaire de son capitaine qui a seule qualit\u00e9 pour intervenir aupr\u00e8s du directeur de jeu.<\/p>\n<p><strong>\u00a0<\/strong><span style=\"color: #ff0000;\"><strong>ARTICLE 20<\/strong><\/span><\/p>\n<p>Tout Joueur sanctionn\u00e9 pour une attitude incorrecte ou un \u00e9cart de langage pourrait \u00eatre amen\u00e9 \u00e0 supporter en totalit\u00e9, sur d\u00e9cision du Bureau Directeur, le pr\u00e9judice financier r\u00e9clam\u00e9 au club par le r\u00e8glement en vigueur.<\/p>\n<p><span style=\"color: #ff0000;\"><strong>\u00a0<\/strong><strong>ARTICLE 20<\/strong><\/span><\/p>\n<p>Tout Joueur est tenu de prendre soin des installations mises \u00e0 sa disposition par les clubs ou les collectivit\u00e9s. Toute d\u00e9gradation volontaire implique la responsabilit\u00e9 de son auteur.<\/p>\n<p><strong><span style=\"color: #ff0000;\">ARTICLE 22<\/span><\/strong><\/p>\n<p>Tout Joueur bless\u00e9 m\u00eame l\u00e9g\u00e8rement doit imm\u00e9diatement, en aviser l&rsquo;Entra\u00eeneur et le Secr\u00e9tariat du club, et se faire examiner par un m\u00e9decin. En cas de manquement \u00e0 cette r\u00e8gle, le club ne peut \u00eatre tenu responsable de quelque pr\u00e9judice subi par l&rsquo;int\u00e9ress\u00e9.<\/p>\n<p><strong><span style=\"color: #ff0000;\">ARTICLE 23<\/span><\/strong><\/p>\n<p>Tout Joueur ne peut reprendre son activit\u00e9 sportive, apr\u00e8s blessure, sans l&rsquo;avis du m\u00e9decin et apr\u00e8s avoir inform\u00e9 son Entra\u00eeneur et le Secr\u00e9tariat du club de la d\u00e9cision de reprise.<\/p>\n<p><strong><span style=\"color: #ff0000;\">\u00a0ARTICLE 24<\/span><\/strong><\/p>\n<p>Tout Joueur qui re\u00e7oit un \u00e9quipement du club doit consentir \u00e0 le rendre, si cela lui est demand\u00e9. Tout Joueur doit porter les v\u00eatements fournis par le club dans les conditions fix\u00e9es par celui-ci.<\/p>\n<p><strong><span style=\"color: #ff0000;\">\u00a0ARTICLE 25<\/span><\/strong><\/p>\n<p>Avant toute pratique, la licence doit obligatoirement \u00eatre valid\u00e9e par un m\u00e9decin.<\/p>\n<p><span style=\"color: #ff0000;\"><strong>ARTICLE 26<\/strong><\/span><\/p>\n<p>Tout Joueur venant d&rsquo;un autre club de son plein gr\u00e9 devra avoir l&rsquo;aval du Responsable Administratif et du Responsable Technique avant de signer sa licence.<\/p>\n<p><strong><span style=\"color: #ff0000;\">ARTICLE 27<\/span><\/strong><\/p>\n<p>Afin d\u2019assurer l\u2019entretien des \u00e9quipements des \u00e9quipes, chaque Adh\u00e9rent peut se voir remis \u00e0 tour de r\u00f4le le sac de maillots \u00e0 l\u2019issue de la rencontre. Le lavage devra \u00eatre effectu\u00e9 pour le match \u00e0 venir.<\/p>\n<p><strong><span style=\"color: #ff0000;\">ARTICLE 28<\/span><\/strong><\/p>\n<p>Pour les Adh\u00e9rents mineurs, les parents doivent s\u2019assurer que leur enfant poss\u00e8de \u00e0 l\u2019entra\u00eenement comme en match, le mat\u00e9riel n\u00e9cessaire \u00e0 la pratique du football (chaussures adapt\u00e9es, prot\u00e8ges tibias, bouteille d\u2019eau personnelle, etc.). De plus, ils devront veiller \u00e0 ce que la tenue de l\u2019enfant soit en rapport avec la m\u00e9t\u00e9o : v\u00eatements chauds, surv\u00eatements, etc.<\/p>\n<p><span style=\"color: #ff0000;\"><strong>ARTICLE 29<\/strong><\/span><\/p>\n<p>La douche au club est obligatoire apr\u00e8s chaque entra\u00eenement ou match.<\/p>\n<p><strong>B. ENTRA\u00ceNEURS ET \u00c9DUCATEURS<\/strong><strong>\u00a0 <\/strong><\/p>\n<p><strong><span style=\"color: #ff0000;\">ARTICLE 30<\/span><\/strong><\/p>\n<p>Les Entra\u00eeneurs et \u00c9ducateurs sont nomm\u00e9s par le Comit\u00e9 Directeur.<\/p>\n<p><strong><span style=\"color: #ff0000;\">ARTICLE 31<\/span><\/strong><\/p>\n<p>Tout Entra\u00eeneur et \u00c9ducateur a pour mission de mettre en \u0153uvre les actions d\u2019animation et de formation dans le cadre du projet sportif d\u00e9fini par le Responsable Technique et adopt\u00e9 par le Comit\u00e9 Directeur.<\/p>\n<p><span style=\"color: #ff0000;\"><strong>ARTICLE 32<\/strong><\/span><\/p>\n<p>Tout Entra\u00eeneur et \u00c9ducateur est le premier d\u00e9positaire des valeurs, des normes et du code interne qui caract\u00e9risent le club. Il doit \u00eatre le premier \u00e0 avoir un comportement irr\u00e9prochable. Il doit \u00eatre, par sa tenue, un exemple pour les Joueurs qui sont sous son autorit\u00e9.<\/p>\n<p><strong><span style=\"color: #ff0000;\">ARTICLE 33<\/span><\/strong><\/p>\n<p>Tout Entra\u00eeneur et \u00c9ducateur doit sanctionner lui-m\u00eame ou demander une sanction \u00e0 la Commission ad hoc pour tout acte d&rsquo;indiscipline d&rsquo;un Joueur.<\/p>\n<p><span style=\"color: #ff0000;\"><strong>ARTICLE 34<\/strong><\/span><\/p>\n<p>Tout Entra\u00eeneur et \u00c9ducateur doit, en l\u2019absence de Dirigeant, apr\u00e8s chaque match :<\/p>\n<ul>\n<li>Saisir les scores des rencontres.<\/li>\n<li>Remettre la feuille de match le jour m\u00eame.<\/li>\n<li>Fournir les justificatifs des d\u00e9penses occasionn\u00e9es par la rencontre d\u00e8s que possible.<\/li>\n<\/ul>\n<p><span style=\"color: #ff0000;\"><strong>ARTICLE 35<\/strong><\/span><\/p>\n<p>Tout Entra\u00eeneur et \u00c9ducateur est garant des \u00e9quipements et mat\u00e9riels confi\u00e9s \u00e0 son \u00e9quipe par le club. Il lui appartient de prendre toutes les dispositions n\u00e9cessaires pour que ces \u00e9quipements et mat\u00e9riels restent la propri\u00e9t\u00e9 du club en fin de saison.<\/p>\n<p><span style=\"color: #ff0000;\"><strong>ARTICLE 36<\/strong><\/span><\/p>\n<p>Les \u00c9ducateurs sont charg\u00e9s d&rsquo;utiliser, de mettre en place, voire d&rsquo;am\u00e9liorer les moyens de communications permettant la diffusion d&rsquo;informations relatives \u00e0 la vie du club et de leur \u00e9quipe.<\/p>\n<p><strong>\u00a0<\/strong><strong>C. DIRIGEANTS\u00a0 <\/strong><\/p>\n<p><strong><span style=\"color: #ff0000;\">ARTICLE 37<\/span><\/strong><\/p>\n<p>Les Dirigeants sont nomm\u00e9s par le Comit\u00e9 Directeur qui d\u00e9termine leur fonction.<\/p>\n<p><strong><span style=\"color: #ff0000;\">ARTICLE 38<\/span><\/strong><\/p>\n<p>Tout Dirigeant a pour mission, d&rsquo;aider et d&rsquo;assister l&rsquo;\u00c9ducateur dans les t\u00e2ches administratives et relationnelles et de faciliter en y participant activement \u00e0 l\u2019organisation et au d\u00e9roulement des rencontres (feuille de match, licences, arbitre de touche, d\u00e9l\u00e9gu\u00e9 \u00e0 la police, voire arbitrage en cas d&rsquo;absence d&rsquo;arbitre).<\/p>\n<p><span style=\"color: #ff0000;\"><strong>ARTICLE 39<\/strong><\/span><\/p>\n<p>\u00c0 l\u2019instar des \u00c9ducateurs, tout Dirigeant est charg\u00e9 d&rsquo;utiliser, de mettre en place, voire d&rsquo;am\u00e9liorer les moyens de communications permettant la diffusion d&rsquo;informations relatives \u00e0 la vie du club et de son \u00e9quipe.<\/p>\n<p><strong><span style=\"color: #ff0000;\">\u00a0ARTICLE 40<\/span><\/strong><\/p>\n<p>Tout Dirigeant doit p\u00e9riodiquement rendre compte de ses actions au Comit\u00e9 Directeur.<\/p>\n<p><strong>CHAPITRE III<\/strong><strong>\u2009<\/strong><strong>: DISCIPLINE\u00a0 <\/strong><\/p>\n<p><span style=\"color: #ff0000;\"><strong>ARTICLE 41<\/strong><\/span><\/p>\n<p>La Commission de discipline se compose obligatoirement :<\/p>\n<ul>\n<li>Du Pr\u00e9sident ou toute personne le repr\u00e9sentant, accompagn\u00e9 d\u2019au moins trois membres du Comit\u00e9 Directeur.<\/li>\n<li>Du Responsable Technique ou tout \u00c9ducateur le repr\u00e9sentant.<\/li>\n<li>D\u2019un repr\u00e9sentant de la commission d\u2019arbitrage.<\/li>\n<\/ul>\n<p><span style=\"color: #ff0000;\"><strong>ARTICLE 42<\/strong><\/span><\/p>\n<p>La Commission de discipline est comp\u00e9tente pour statuer envers tout manquement aux dispositions g\u00e9n\u00e9rales ou particuli\u00e8res pr\u00e9vues dans le pr\u00e9sent r\u00e8glement int\u00e9rieur.<\/p>\n<p><strong><span style=\"color: #ff0000;\">ARTICLE 43<\/span><\/strong><\/p>\n<p>Les d\u00e9cisions de la Commission de discipline sont imm\u00e9diatement applicables sauf si le licenci\u00e9 demande dans un d\u00e9lai de trois jours, audition aupr\u00e8s de ladite Commission.<\/p>\n<p style=\"text-align: right;\">La Pr\u00e9sidente, <strong>\u00c9milie NOUBADJI\u00a0\u00a0\u00a0\u00a0\u00a0\u00a0 <\/strong><\/p>\n<p>&nbsp;<\/p>\n<p>&nbsp;<\/p>\n","protected":false},"excerpt":{"rendered":"<p>CHAPITRE I \u2013 DISPOSITIONS G\u00c9N\u00c9RALES \u00a0 ARTICLE 1 Tout adh\u00e9rent \u00e0 l\u2019association Toulouse Nord [&hellip;]<\/p>\n","protected":false},"author":2,"featured_media":0,"parent":0,"menu_order":0,"comment_status":"closed","ping_status":"closed","template":"","meta":[],"_links":{"self":[{"href":"https:\/\/www.toulousenordfc.com\/index.php\/wp-json\/wp\/v2\/pages\/5539"}],"collection":[{"href":"https:\/\/www.toulousenordfc.com\/index.php\/wp-json\/wp\/v2\/pages"}],"about":[{"href":"https:\/\/www.toulousenordfc.com\/index.php\/wp-json\/wp\/v2\/types\/page"}],"author":[{"embeddable":true,"href":"https:\/\/www.toulousenordfc.com\/index.php\/wp-json\/wp\/v2\/users\/2"}],"replies":[{"embeddable":true,"href":"https:\/\/www.toulousenordfc.com\/index.php\/wp-json\/wp\/v2\/comments?post=5539"}],"version-history":[{"count":6,"href":"https:\/\/www.toulousenordfc.com\/index.php\/wp-json\/wp\/v2\/pages\/5539\/revisions"}],"predecessor-version":[{"id":5687,"href":"https:\/\/www.toulousenordfc.com\/index.php\/wp-json\/wp\/v2\/pages\/5539\/revisions\/5687"}],"wp:attachment":[{"href":"https:\/\/www.toulousenordfc.com\/index.php\/wp-json\/wp\/v2\/media?parent=5539"}],"curies":[{"name":"wp","href":"https:\/\/api.w.org\/{rel}","templated":true}]}}